{"id":2,"date":"2016-05-10T03:48:21","date_gmt":"2016-05-10T03:48:21","guid":{"rendered":"http:\/\/wp452m.a10-52-158-154.qa.plesk.ru\/wordpress\/?page_id=2"},"modified":"2018-03-11T14:16:00","modified_gmt":"2018-03-11T14:16:00","slug":"sample-page","status":"publish","type":"page","link":"https:\/\/laufmitdenk.de\/","title":{"rendered":"Laufen &#8230; ist gesund &#8230; ist Freundschaft &#8230; macht Spa\u00df"},"content":{"rendered":"<h4><\/h4>\n<h4 style=\"text-align: center;\">Lauf mit !<\/h4>\n<p>&nbsp;<\/p>\n<p>&nbsp;<\/p>\n<p><img loading=\"lazy\" decoding=\"async\" class=\"so-widget-image aligncenter\" title=\"IMG_5991\" src=\"https:\/\/laufmitdenk.de\/wp-content\/uploads\/2016\/12\/IMG_5991.jpeg\" srcset=\"https:\/\/laufmitdenk.de\/wp-content\/uploads\/2016\/12\/IMG_5991.jpeg 598w, https:\/\/laufmitdenk.de\/wp-content\/uploads\/2016\/12\/IMG_5991-150x150.jpeg 150w, https:\/\/laufmitdenk.de\/wp-content\/uploads\/2016\/12\/IMG_5991-300x300.jpeg 300w, https:\/\/laufmitdenk.de\/wp-content\/uploads\/2016\/12\/IMG_5991-508x508.jpeg 508w\" width=\"598\" height=\"598\" \/><\/p>\n<p>&nbsp;<\/p>\n<p style=\"text-align: center;\">Geschafft: Nach dem &#8222;Gr\u00fcne H\u00f6lle&#8220;-Lauf am N\u00fcrburgring<\/p>\n","protected":false},"excerpt":{"rendered":"<p>Lauf mit ! &nbsp; &nbsp; &nbsp; Geschafft: Nach dem &#8222;Gr\u00fcne H\u00f6lle&#8220;-Lauf am N\u00fcrburgring<\/p>\n","protected":false},"author":27,"featured_media":0,"parent":0,"menu_order":0,"comment_status":"closed","ping_status":"closed","template":"","meta":{"footnotes":""},"class_list":["post-2","page","type-page","status-publish","hentry"],"_links":{"self":[{"href":"https:\/\/laufmitdenk.de\/index.php?rest_route=\/wp\/v2\/pages\/2","targetHints":{"allow":["GET"]}}],"collection":[{"href":"https:\/\/laufmitdenk.de\/index.php?rest_route=\/wp\/v2\/pages"}],"about":[{"href":"https:\/\/laufmitdenk.de\/index.php?rest_route=\/wp\/v2\/types\/page"}],"author":[{"embeddable":true,"href":"https:\/\/laufmitdenk.de\/index.php?rest_route=\/wp\/v2\/users\/27"}],"replies":[{"embeddable":true,"href":"https:\/\/laufmitdenk.de\/index.php?rest_route=%2Fwp%2Fv2%2Fcomments&post=2"}],"version-history":[{"count":0,"href":"https:\/\/laufmitdenk.de\/index.php?rest_route=\/wp\/v2\/pages\/2\/revisions"}],"wp:attachment":[{"href":"https:\/\/laufmitdenk.de\/index.php?rest_route=%2Fwp%2Fv2%2Fmedia&parent=2"}],"curies":[{"name":"wp","href":"https:\/\/api.w.org\/{rel}","templated":true}]}}