{"id":105,"date":"2018-03-11T15:58:21","date_gmt":"2018-03-11T15:58:21","guid":{"rendered":"http:\/\/laufmitdenk.de\/?page_id=105"},"modified":"2018-03-16T16:05:50","modified_gmt":"2018-03-16T16:05:50","slug":"trainings","status":"publish","type":"page","link":"https:\/\/laufmitdenk.de\/?page_id=105","title":{"rendered":"Trainings"},"content":{"rendered":"<p><img loading=\"lazy\" decoding=\"async\" class=\"so-widget-image\" title=\"Berlin2016\" src=\"https:\/\/laufmitdenk.de\/wp-content\/uploads\/2016\/11\/cropped-beine-Logo-150x150.jpg\" srcset=\"https:\/\/laufmitdenk.de\/wp-content\/uploads\/2016\/11\/cropped-beine-Logo-150x150.jpg 150w, https:\/\/laufmitdenk.de\/wp-content\/uploads\/2016\/11\/cropped-beine-Logo-300x300.jpg 300w, https:\/\/laufmitdenk.de\/wp-content\/uploads\/2016\/11\/cropped-beine-Logo.jpg 529w\" width=\"150\" height=\"150\" \/><\/p>\n<p>Die Lauftrainings sind das Herz unseres Laufteams: Rund um Dudenhofen, R\u00f6merberg und Speyer oder am liebsten die langen L\u00e4ufe im Pf\u00e4lzer Wald.<\/p>\n<p>Zus\u00e4tzlich zu den L\u00e4ufen gibt es ab und zu noch<\/p>\n<ul>\n<li>Wellness-Trainingseinheiten bei Moni<\/li>\n<li>Techniktrainings oder auch<\/li>\n<li>Koordinations- und Krafttrainings<\/li>\n<\/ul>\n<p>Hier sind <a href=\"https:\/\/laufmitdenk.de\/?cat=3\">einige der Trainings-Highlights seit Silvester 2017.<\/a><\/p>\n<p>&nbsp;<\/p>\n<p>&nbsp;<\/p>\n<p>&nbsp;<\/p>\n<p>&nbsp;<\/p>\n<p>&nbsp;<\/p>\n","protected":false},"excerpt":{"rendered":"<p>Die Lauftrainings sind das Herz unseres Laufteams: Rund um Dudenhofen, R\u00f6merberg und Speyer oder am liebsten die langen L\u00e4ufe im Pf\u00e4lzer Wald. Zus\u00e4tzlich zu den L\u00e4ufen gibt es ab und zu noch Wellness-Trainingseinheiten bei Moni Techniktrainings oder auch Koordinations- und Krafttrainings Hier sind einige der Trainings-Highlights seit Silvester 2017. &nbsp; &nbsp; &nbsp; &nbsp; &nbsp;<\/p>\n","protected":false},"author":27,"featured_media":0,"parent":0,"menu_order":0,"comment_status":"closed","ping_status":"closed","template":"","meta":{"footnotes":""},"class_list":["post-105","page","type-page","status-publish","hentry"],"_links":{"self":[{"href":"https:\/\/laufmitdenk.de\/index.php?rest_route=\/wp\/v2\/pages\/105","targetHints":{"allow":["GET"]}}],"collection":[{"href":"https:\/\/laufmitdenk.de\/index.php?rest_route=\/wp\/v2\/pages"}],"about":[{"href":"https:\/\/laufmitdenk.de\/index.php?rest_route=\/wp\/v2\/types\/page"}],"author":[{"embeddable":true,"href":"https:\/\/laufmitdenk.de\/index.php?rest_route=\/wp\/v2\/users\/27"}],"replies":[{"embeddable":true,"href":"https:\/\/laufmitdenk.de\/index.php?rest_route=%2Fwp%2Fv2%2Fcomments&post=105"}],"version-history":[{"count":0,"href":"https:\/\/laufmitdenk.de\/index.php?rest_route=\/wp\/v2\/pages\/105\/revisions"}],"wp:attachment":[{"href":"https:\/\/laufmitdenk.de\/index.php?rest_route=%2Fwp%2Fv2%2Fmedia&parent=105"}],"curies":[{"name":"wp","href":"https:\/\/api.w.org\/{rel}","templated":true}]}}